{"id":318,"date":"2022-07-08T11:04:02","date_gmt":"2022-07-08T11:04:02","guid":{"rendered":"https:\/\/site.iconmarketing.es\/formavigo\/?page_id=318"},"modified":"2022-08-31T10:26:51","modified_gmt":"2022-08-31T10:26:51","slug":"area-social","status":"publish","type":"page","link":"https:\/\/fundacionformavigo.com\/es\/area-social\/","title":{"rendered":"\u00c1rea social"},"content":{"rendered":"[vc_section full_width=\u00bbstretch_row_content\u00bb el_id=\u00bbsec33&#8243;][vc_row][vc_column][vc_single_image image=\u00bb320&#8243; img_size=\u00bb1518&#215;549&#8243; alignment=\u00bbcenter\u00bb][vc_single_image image=\u00bb85&#8243; alignment=\u00bbright\u00bb css=\u00bb.vc_custom_1657278429715{margin-right: 150px !important;}\u00bb el_class=\u00bb.bolaamarilla\u00bb][\/vc_column][\/vc_row][\/vc_section][vc_section full_width=\u00bbstretch_row\u00bb][vc_row][vc_column]<h2 class=\"vcex-heading vcex-module wpex-text-2xl wpex-font-normal wpex-m-auto wpex-max-w-100 vcex-heading-plain wpex-block wpex-text-left vc_custom_1657703813976\" style=\"color:#000000;font-family:&#039;Poppins&#039;,sans-serif;font-size:65px;font-weight:700;line-height:75px;\"><span class=\"vcex-heading-inner wpex-inline-block wpex-clr\">\u00c1rea Social<\/span><\/h2>[\/vc_column][\/vc_row][vc_row][vc_column]<div class=\"vcex-module vcex-portfolio-grid-wrap wpex-clr portfolio1area\"><div class=\"wpex-row vcex-portfolio-grid wpex-clr entries match-height-grid\"><div class=\"portfolio-entry vcex-grid-item entry-has-details span_1_of_3 col col-1  textleft post-1660 entry type-portfolio has-media\"><div class=\"portfolio-entry-inner entry-inner wpex-first-mt-0 wpex-last-mb-0 wpex-clr\"><div class=\"portfolio-entry-details entry-details wpex-boxed wpex-first-mt-0 wpex-last-mb-0 wpex-clr\" style=\"color:#000000;\"><div class=\"match-height-content\"><h2 class=\"portfolio-entry-title entry-title wpex-mb-5\" style=\"font-size:23px;font-weight:700;line-height:33px;\"><a href=\"https:\/\/fundacionformavigo.com\/es\/curso\/programa-integrado-de-emprego-2025-2026\/\" title=\"PROGRAMA INTEGRADO DE EMPREGO 2025\/2026\">PROGRAMA INTEGRADO DE EMPREGO 2025\/2026<\/a><\/h2><div class=\"portfolio-entry-excerpt entry-excerpt wpex-my-15 wpex-last-mb-0 wpex-clr\" style=\"font-size:19px;\"><p>PROGRAMA INTEGRADO DE EMPREGO DA FUNDACI\u00d3N FORMAVIGO 2025\/2026 Programa de inserci\u00f3n laboral para persoas desempregadas.&hellip;<\/p><\/div><div class=\"portfolio-entry-readmore-wrap entry-readmore-wrap wpex-my-15 wpex-clr\"><a href=\"https:\/\/fundacionformavigo.com\/es\/curso\/programa-integrado-de-emprego-2025-2026\/\" class=\"theme-button\" style=\"font-size:17px;border-radius:25px;\" aria-label=\"SABER M\u00c1S about PROGRAMA INTEGRADO DE EMPREGO 2025\/2026\">SABER M\u00c1S<\/a><\/div><\/div><\/div><\/div><\/div><div class=\"portfolio-entry vcex-grid-item entry-has-details span_1_of_3 col col-2  textleft post-1652 entry type-portfolio has-media\"><div class=\"portfolio-entry-inner entry-inner wpex-first-mt-0 wpex-last-mb-0 wpex-clr\"><div class=\"portfolio-entry-details entry-details wpex-boxed wpex-first-mt-0 wpex-last-mb-0 wpex-clr\" style=\"color:#000000;\"><div class=\"match-height-content\"><h2 class=\"portfolio-entry-title entry-title wpex-mb-5\" style=\"font-size:23px;font-weight:700;line-height:33px;\"><a href=\"https:\/\/fundacionformavigo.com\/es\/curso\/caixa-e-reposicion\/\" title=\"CAIXA E REPOSICI\u00d3N\">CAIXA E REPOSICI\u00d3N<\/a><\/h2><div class=\"portfolio-entry-excerpt entry-excerpt wpex-my-15 wpex-last-mb-0 wpex-clr\" style=\"font-size:19px;\"><p>Dentro do novo programa de orientaci\u00f3n laboral e formaci\u00f3n contamos cun curso gratuito subvencionado pola&hellip;<\/p><\/div><div class=\"portfolio-entry-readmore-wrap entry-readmore-wrap wpex-my-15 wpex-clr\"><a href=\"https:\/\/fundacionformavigo.com\/es\/curso\/caixa-e-reposicion\/\" class=\"theme-button\" style=\"font-size:17px;border-radius:25px;\" aria-label=\"SABER M\u00c1S about CAIXA E REPOSICI\u00d3N\">SABER M\u00c1S<\/a><\/div><\/div><\/div><\/div><\/div><div class=\"portfolio-entry vcex-grid-item entry-has-details span_1_of_3 col col-3  textleft post-1644 entry type-portfolio has-media\"><div class=\"portfolio-entry-inner entry-inner wpex-first-mt-0 wpex-last-mb-0 wpex-clr\"><div class=\"portfolio-entry-details entry-details wpex-boxed wpex-first-mt-0 wpex-last-mb-0 wpex-clr\" style=\"color:#000000;\"><div class=\"match-height-content\"><h2 class=\"portfolio-entry-title entry-title wpex-mb-5\" style=\"font-size:23px;font-weight:700;line-height:33px;\"><a href=\"https:\/\/fundacionformavigo.com\/es\/curso\/elaborados-frescos-e-carniceria\/\" title=\"ELABORADOS FRESCOS E CARNICER\u00cdA\">ELABORADOS FRESCOS E CARNICER\u00cdA<\/a><\/h2><div class=\"portfolio-entry-excerpt entry-excerpt wpex-my-15 wpex-last-mb-0 wpex-clr\" style=\"font-size:19px;\"><p>Xa temos aberto o prazo para inscribirse no noso pr\u00f3ximo programa de orientaci\u00f3n laboral e&hellip;<\/p><\/div><div class=\"portfolio-entry-readmore-wrap entry-readmore-wrap wpex-my-15 wpex-clr\"><a href=\"https:\/\/fundacionformavigo.com\/es\/curso\/elaborados-frescos-e-carniceria\/\" class=\"theme-button\" style=\"font-size:17px;border-radius:25px;\" aria-label=\"SABER M\u00c1S about ELABORADOS FRESCOS E CARNICER\u00cdA\">SABER M\u00c1S<\/a><\/div><\/div><\/div><\/div><\/div><\/div><\/div>[\/vc_column][\/vc_row][\/vc_section]\n","protected":false},"excerpt":{"rendered":"<p>[vc_section full_width=\u00bbstretch_row_content\u00bb el_id=\u00bbsec33&#8243;][vc_row][vc_column][vc_single_image image=\u00bb320&#8243; img_size=\u00bb1518&#215;549&#8243; alignment=\u00bbcenter\u00bb][vc_single_image image=\u00bb85&#8243; alignment=\u00bbright\u00bb css=\u00bb.vc_custom_1657278429715{margin-right: 150px !important;}\u00bb el_class=\u00bb.bolaamarilla\u00bb][\/vc_column][\/vc_row][\/vc_section][vc_section full_width=\u00bbstretch_row\u00bb][vc_row][vc_column][\/vc_column][\/vc_row][vc_row][vc_column][\/vc_column][\/vc_row][\/vc_section]<\/p>\n","protected":false},"author":1,"featured_media":320,"parent":0,"menu_order":0,"comment_status":"closed","ping_status":"closed","template":"","meta":{"_acf_changed":false,"inline_featured_image":false,"footnotes":""},"class_list":["post-318","page","type-page","status-publish","has-post-thumbnail","hentry","entry","has-media"],"acf":[],"yoast_head":"<!-- This site is optimized with the Yoast SEO plugin v27.4 - https:\/\/yoast.com\/product\/yoast-seo-wordpress\/ -->\n<title>\u00c1rea social | Fundaci\u00f3n Formavigo<\/title>\n<meta name=\"description\" content=\"Diferentes programas sociales ofrecidos por la Fundaci\u00f3n Formavigo, aportando nuestro granito para una sociedad m\u00e1s inclusiva.\" \/>\n<meta name=\"robots\" content=\"index, follow, max-snippet:-1, max-image-preview:large, max-video-preview:-1\" \/>\n<link rel=\"canonical\" href=\"https:\/\/fundacionformavigo.com\/es\/area-social\/\" \/>\n<meta property=\"og:locale\" content=\"es_ES\" \/>\n<meta property=\"og:type\" content=\"article\" \/>\n<meta property=\"og:title\" content=\"\u00c1rea social | Fundaci\u00f3n Formavigo\" \/>\n<meta property=\"og:description\" content=\"Diferentes programas sociales ofrecidos por la Fundaci\u00f3n Formavigo, aportando nuestro granito para una sociedad m\u00e1s inclusiva.\" \/>\n<meta property=\"og:url\" content=\"https:\/\/fundacionformavigo.com\/es\/area-social\/\" \/>\n<meta property=\"og:site_name\" content=\"Fundaci\u00f3n Formavigo\" \/>\n<meta property=\"article:modified_time\" content=\"2022-08-31T10:26:51+00:00\" \/>\n<meta property=\"og:image\" content=\"https:\/\/fundacionformavigo.com\/wp-content\/uploads\/2022\/07\/cabecera-arae-social@2x-scaled.jpg\" \/>\n\t<meta property=\"og:image:width\" content=\"2560\" \/>\n\t<meta property=\"og:image:height\" content=\"926\" \/>\n\t<meta property=\"og:image:type\" content=\"image\/jpeg\" \/>\n<meta name=\"twitter:card\" content=\"summary_large_image\" \/>\n<meta name=\"twitter:label1\" content=\"Tiempo de lectura\" \/>\n\t<meta name=\"twitter:data1\" content=\"1 minuto\" \/>\n<script type=\"application\/ld+json\" class=\"yoast-schema-graph\">{\"@context\":\"https:\\\/\\\/schema.org\",\"@graph\":[{\"@type\":\"WebPage\",\"@id\":\"https:\\\/\\\/fundacionformavigo.com\\\/es\\\/area-social\\\/\",\"url\":\"https:\\\/\\\/fundacionformavigo.com\\\/es\\\/area-social\\\/\",\"name\":\"\u00c1rea social | Fundaci\u00f3n Formavigo\",\"isPartOf\":{\"@id\":\"https:\\\/\\\/fundacionformavigo.com\\\/es\\\/#website\"},\"primaryImageOfPage\":{\"@id\":\"https:\\\/\\\/fundacionformavigo.com\\\/es\\\/area-social\\\/#primaryimage\"},\"image\":{\"@id\":\"https:\\\/\\\/fundacionformavigo.com\\\/es\\\/area-social\\\/#primaryimage\"},\"thumbnailUrl\":\"https:\\\/\\\/fundacionformavigo.com\\\/wp-content\\\/uploads\\\/2022\\\/07\\\/cabecera-arae-social@2x-scaled.jpg\",\"datePublished\":\"2022-07-08T11:04:02+00:00\",\"dateModified\":\"2022-08-31T10:26:51+00:00\",\"description\":\"Diferentes programas sociales ofrecidos por la Fundaci\u00f3n Formavigo, aportando nuestro granito para una sociedad m\u00e1s inclusiva.\",\"breadcrumb\":{\"@id\":\"https:\\\/\\\/fundacionformavigo.com\\\/es\\\/area-social\\\/#breadcrumb\"},\"inLanguage\":\"es\",\"potentialAction\":[{\"@type\":\"ReadAction\",\"target\":[\"https:\\\/\\\/fundacionformavigo.com\\\/es\\\/area-social\\\/\"]}]},{\"@type\":\"ImageObject\",\"inLanguage\":\"es\",\"@id\":\"https:\\\/\\\/fundacionformavigo.com\\\/es\\\/area-social\\\/#primaryimage\",\"url\":\"https:\\\/\\\/fundacionformavigo.com\\\/wp-content\\\/uploads\\\/2022\\\/07\\\/cabecera-arae-social@2x-scaled.jpg\",\"contentUrl\":\"https:\\\/\\\/fundacionformavigo.com\\\/wp-content\\\/uploads\\\/2022\\\/07\\\/cabecera-arae-social@2x-scaled.jpg\",\"width\":2560,\"height\":926,\"caption\":\"cabecera area social\"},{\"@type\":\"BreadcrumbList\",\"@id\":\"https:\\\/\\\/fundacionformavigo.com\\\/es\\\/area-social\\\/#breadcrumb\",\"itemListElement\":[{\"@type\":\"ListItem\",\"position\":1,\"name\":\"Portada\",\"item\":\"https:\\\/\\\/fundacionformavigo.com\\\/es\\\/\"},{\"@type\":\"ListItem\",\"position\":2,\"name\":\"\u00c1rea social\"}]},{\"@type\":\"WebSite\",\"@id\":\"https:\\\/\\\/fundacionformavigo.com\\\/es\\\/#website\",\"url\":\"https:\\\/\\\/fundacionformavigo.com\\\/es\\\/\",\"name\":\"Fundaci\u00f3n Formavigo\",\"description\":\"\",\"publisher\":{\"@id\":\"https:\\\/\\\/fundacionformavigo.com\\\/es\\\/#organization\"},\"potentialAction\":[{\"@type\":\"SearchAction\",\"target\":{\"@type\":\"EntryPoint\",\"urlTemplate\":\"https:\\\/\\\/fundacionformavigo.com\\\/es\\\/?s={search_term_string}\"},\"query-input\":{\"@type\":\"PropertyValueSpecification\",\"valueRequired\":true,\"valueName\":\"search_term_string\"}}],\"inLanguage\":\"es\"},{\"@type\":\"Organization\",\"@id\":\"https:\\\/\\\/fundacionformavigo.com\\\/es\\\/#organization\",\"name\":\"Fundaci\u00f3n Formavigo\",\"url\":\"https:\\\/\\\/fundacionformavigo.com\\\/es\\\/\",\"logo\":{\"@type\":\"ImageObject\",\"inLanguage\":\"es\",\"@id\":\"https:\\\/\\\/fundacionformavigo.com\\\/es\\\/#\\\/schema\\\/logo\\\/image\\\/\",\"url\":\"https:\\\/\\\/fundacionformavigo.com\\\/wp-content\\\/uploads\\\/2022\\\/07\\\/logo-fundacion-formavigo-azul.svg\",\"contentUrl\":\"https:\\\/\\\/fundacionformavigo.com\\\/wp-content\\\/uploads\\\/2022\\\/07\\\/logo-fundacion-formavigo-azul.svg\",\"width\":358,\"height\":41,\"caption\":\"Fundaci\u00f3n Formavigo\"},\"image\":{\"@id\":\"https:\\\/\\\/fundacionformavigo.com\\\/es\\\/#\\\/schema\\\/logo\\\/image\\\/\"}}]}<\/script>\n<!-- \/ Yoast SEO plugin. -->","yoast_head_json":{"title":"\u00c1rea social | Fundaci\u00f3n Formavigo","description":"Diferentes programas sociales ofrecidos por la Fundaci\u00f3n Formavigo, aportando nuestro granito para una sociedad m\u00e1s inclusiva.","robots":{"index":"index","follow":"follow","max-snippet":"max-snippet:-1","max-image-preview":"max-image-preview:large","max-video-preview":"max-video-preview:-1"},"canonical":"https:\/\/fundacionformavigo.com\/es\/area-social\/","og_locale":"es_ES","og_type":"article","og_title":"\u00c1rea social | Fundaci\u00f3n Formavigo","og_description":"Diferentes programas sociales ofrecidos por la Fundaci\u00f3n Formavigo, aportando nuestro granito para una sociedad m\u00e1s inclusiva.","og_url":"https:\/\/fundacionformavigo.com\/es\/area-social\/","og_site_name":"Fundaci\u00f3n Formavigo","article_modified_time":"2022-08-31T10:26:51+00:00","og_image":[{"width":2560,"height":926,"url":"https:\/\/fundacionformavigo.com\/wp-content\/uploads\/2022\/07\/cabecera-arae-social@2x-scaled.jpg","type":"image\/jpeg"}],"twitter_card":"summary_large_image","twitter_misc":{"Tiempo de lectura":"1 minuto"},"schema":{"@context":"https:\/\/schema.org","@graph":[{"@type":"WebPage","@id":"https:\/\/fundacionformavigo.com\/es\/area-social\/","url":"https:\/\/fundacionformavigo.com\/es\/area-social\/","name":"\u00c1rea social | Fundaci\u00f3n Formavigo","isPartOf":{"@id":"https:\/\/fundacionformavigo.com\/es\/#website"},"primaryImageOfPage":{"@id":"https:\/\/fundacionformavigo.com\/es\/area-social\/#primaryimage"},"image":{"@id":"https:\/\/fundacionformavigo.com\/es\/area-social\/#primaryimage"},"thumbnailUrl":"https:\/\/fundacionformavigo.com\/wp-content\/uploads\/2022\/07\/cabecera-arae-social@2x-scaled.jpg","datePublished":"2022-07-08T11:04:02+00:00","dateModified":"2022-08-31T10:26:51+00:00","description":"Diferentes programas sociales ofrecidos por la Fundaci\u00f3n Formavigo, aportando nuestro granito para una sociedad m\u00e1s inclusiva.","breadcrumb":{"@id":"https:\/\/fundacionformavigo.com\/es\/area-social\/#breadcrumb"},"inLanguage":"es","potentialAction":[{"@type":"ReadAction","target":["https:\/\/fundacionformavigo.com\/es\/area-social\/"]}]},{"@type":"ImageObject","inLanguage":"es","@id":"https:\/\/fundacionformavigo.com\/es\/area-social\/#primaryimage","url":"https:\/\/fundacionformavigo.com\/wp-content\/uploads\/2022\/07\/cabecera-arae-social@2x-scaled.jpg","contentUrl":"https:\/\/fundacionformavigo.com\/wp-content\/uploads\/2022\/07\/cabecera-arae-social@2x-scaled.jpg","width":2560,"height":926,"caption":"cabecera area social"},{"@type":"BreadcrumbList","@id":"https:\/\/fundacionformavigo.com\/es\/area-social\/#breadcrumb","itemListElement":[{"@type":"ListItem","position":1,"name":"Portada","item":"https:\/\/fundacionformavigo.com\/es\/"},{"@type":"ListItem","position":2,"name":"\u00c1rea social"}]},{"@type":"WebSite","@id":"https:\/\/fundacionformavigo.com\/es\/#website","url":"https:\/\/fundacionformavigo.com\/es\/","name":"Fundaci\u00f3n Formavigo","description":"","publisher":{"@id":"https:\/\/fundacionformavigo.com\/es\/#organization"},"potentialAction":[{"@type":"SearchAction","target":{"@type":"EntryPoint","urlTemplate":"https:\/\/fundacionformavigo.com\/es\/?s={search_term_string}"},"query-input":{"@type":"PropertyValueSpecification","valueRequired":true,"valueName":"search_term_string"}}],"inLanguage":"es"},{"@type":"Organization","@id":"https:\/\/fundacionformavigo.com\/es\/#organization","name":"Fundaci\u00f3n Formavigo","url":"https:\/\/fundacionformavigo.com\/es\/","logo":{"@type":"ImageObject","inLanguage":"es","@id":"https:\/\/fundacionformavigo.com\/es\/#\/schema\/logo\/image\/","url":"https:\/\/fundacionformavigo.com\/wp-content\/uploads\/2022\/07\/logo-fundacion-formavigo-azul.svg","contentUrl":"https:\/\/fundacionformavigo.com\/wp-content\/uploads\/2022\/07\/logo-fundacion-formavigo-azul.svg","width":358,"height":41,"caption":"Fundaci\u00f3n Formavigo"},"image":{"@id":"https:\/\/fundacionformavigo.com\/es\/#\/schema\/logo\/image\/"}}]}},"_links":{"self":[{"href":"https:\/\/fundacionformavigo.com\/es\/wp-json\/wp\/v2\/pages\/318","targetHints":{"allow":["GET"]}}],"collection":[{"href":"https:\/\/fundacionformavigo.com\/es\/wp-json\/wp\/v2\/pages"}],"about":[{"href":"https:\/\/fundacionformavigo.com\/es\/wp-json\/wp\/v2\/types\/page"}],"author":[{"embeddable":true,"href":"https:\/\/fundacionformavigo.com\/es\/wp-json\/wp\/v2\/users\/1"}],"replies":[{"embeddable":true,"href":"https:\/\/fundacionformavigo.com\/es\/wp-json\/wp\/v2\/comments?post=318"}],"version-history":[{"count":6,"href":"https:\/\/fundacionformavigo.com\/es\/wp-json\/wp\/v2\/pages\/318\/revisions"}],"predecessor-version":[{"id":1049,"href":"https:\/\/fundacionformavigo.com\/es\/wp-json\/wp\/v2\/pages\/318\/revisions\/1049"}],"wp:featuredmedia":[{"embeddable":true,"href":"https:\/\/fundacionformavigo.com\/es\/wp-json\/wp\/v2\/media\/320"}],"wp:attachment":[{"href":"https:\/\/fundacionformavigo.com\/es\/wp-json\/wp\/v2\/media?parent=318"}],"curies":[{"name":"wp","href":"https:\/\/api.w.org\/{rel}","templated":true}]}}