{"id":166,"date":"2022-07-07T07:08:04","date_gmt":"2022-07-07T07:08:04","guid":{"rendered":"https:\/\/site.iconmarketing.es\/formavigo\/?page_id=166"},"modified":"2023-07-05T12:08:27","modified_gmt":"2023-07-05T12:08:27","slug":"tesol-group","status":"publish","type":"page","link":"https:\/\/fundacionformavigo.com\/es\/tesol-group\/","title":{"rendered":"Tesol Group"},"content":{"rendered":"[vc_section full_width=\u00bbstretch_row\u00bb el_id=\u00bbsec14&#8243; css=\u00bb.vc_custom_1657713267045{margin-bottom: 100px !important;}\u00bb][vc_row][vc_column]<h1 class=\"vcex-heading vcex-module wpex-text-2xl wpex-font-normal wpex-m-auto wpex-max-w-100 vcex-heading-plain wpex-block wpex-text-left fm-titulo-pagina\" style=\"color:#000000;font-family:&#039;Poppins&#039;,sans-serif;font-size:70px;font-weight:700;line-height:80px;\"><span class=\"vcex-heading-inner wpex-inline-block wpex-clr\">Tesol Group<\/span><\/h1>[\/vc_column][\/vc_row][vc_row full_width=\u00bbstretch_row_content_no_spaces\u00bb el_class=\u00bbfm-imagen-cabecera\u00bb][vc_column][vc_single_image image=\u00bb1331&#8243;][\/vc_column][\/vc_row][vc_row][vc_column]<h3 class=\"vcex-heading vcex-module wpex-text-2xl wpex-font-normal wpex-m-auto wpex-max-w-100 vcex-heading-plain wpex-block wpex-text-center\" style=\"color:#000000;font-family:&#039;Poppins&#039;,sans-serif;font-size:45px;font-weight:700;line-height:55px;\"><span class=\"vcex-heading-inner wpex-inline-block wpex-clr\">El motor de Fundaci\u00f3n Formavigo<\/span><\/h3>[vc_column_text text_align=\u00bbcenter\u00bb color=\u00bb#000000&#8243; font_size=\u00bb23px\u00bb font_family=\u00bbPoppins\u00bb line_height=\u00bb33px\u00bb el_class=\u00bbsub1tesol1&#8243; css=\u00bb.vc_custom_1657713452726{margin-top: 50px !important;}\u00bb]Tesol es una empresa de soldadura <strong>referente en el sector, en producto, en asesoramiento y en formaci\u00f3n<\/strong>. Fundaci\u00f3n Formavigo es una parte fundamental de Tesol Group, gracias a la c\u00faal la empresa realiza actividades de RSC, para reforzar su compromiso social dentro del sector.[\/vc_column_text][\/vc_column][\/vc_row][\/vc_section][vc_section full_width=\u00bbstretch_row\u00bb el_id=\u00bbsec15&#8243; css=\u00bb.vc_custom_1657713529778{background-color: #f5f5f5 !important;}\u00bb][vc_row equal_height=\u00bbyes\u00bb][vc_column width=\u00bb1\/2&#8243;][vc_single_image image=\u00bb172&#8243; img_size=\u00bb671&#215;417&#8243; alignment=\u00bbright\u00bb css=\u00bb.vc_custom_1657178462796{margin-top: 130px !important;}\u00bb][vc_single_image image=\u00bb174&#8243; alignment=\u00bbcenter\u00bb css=\u00bb.vc_custom_1657180212314{margin-top: 40px !important;}\u00bb el_class=\u00bbicon1&#8243;]<h2 class=\"vcex-heading vcex-module wpex-text-2xl wpex-font-normal wpex-m-auto wpex-max-w-100 vcex-heading-plain wpex-block wpex-text-center vc_custom_1657713582444\" style=\"color:#000000;font-size:45px;font-weight:700;line-height:55px;\"><span class=\"vcex-heading-inner wpex-inline-block wpex-clr\">Tesol Group<\/span><\/h2>[vc_column_text text_align=\u00bbcenter\u00bb color=\u00bb#000000&#8243; font_size=\u00bb23px\u00bb font_family=\u00bbPoppins\u00bb line_height=\u00bb33px\u00bb css=\u00bb.vc_custom_1657713589626{margin-top: 35px !important;}\u00bb el_class=\u00bbsub1&#8243;]Aqu\u00ed podr\u00e1s encontrar toda la informaci\u00f3n sobre las principales <strong>actividades del grupo<\/strong>, y todos los proyectos que nacen del mismo[\/vc_column_text][vc_column_text text_align=\u00bbcenter\u00bb color=\u00bb#000000&#8243; font_size=\u00bb19px\u00bb font_family=\u00bbPoppins\u00bb line_height=\u00bb29px\u00bb font_weight=\u00bbbold\u00bb css=\u00bb.vc_custom_1657867327388{margin-top: 50px !important;}\u00bb el_class=\u00bblink1 fm-enlace-flecha\u00bb]<a class=\"fm-azul\" href=\"https:\/\/tesolgroup.com\/\" target=\"_blank\" rel=\"noopener\">SABER M\u00c1S \u00a0<img loading=\"lazy\" decoding=\"async\" src=\"https:\/\/fundacionformavigo.com\/\/wp-content\/uploads\/2022\/07\/flecha-der-azul.png\" alt=\"\" width=\"28\" height=\"9\" \/><\/a>[\/vc_column_text][\/vc_column][vc_column width=\u00bb1\/2&#8243; css=\u00bb.vc_custom_1657178512586{margin-top: 100px !important;}\u00bb][vc_single_image image=\u00bb173&#8243; img_size=\u00bb671&#215;417&#8243; alignment=\u00bbleft\u00bb css=\u00bb.vc_custom_1657178544920{margin-top: 30px !important;}\u00bb][vc_single_image image=\u00bb175&#8243; alignment=\u00bbcenter\u00bb css=\u00bb.vc_custom_1657180382435{margin-top: 50px !important;}\u00bb el_class=\u00bbicon2&#8243;]<h2 class=\"vcex-heading vcex-module wpex-text-2xl wpex-font-normal wpex-m-auto wpex-max-w-100 vcex-heading-plain wpex-block wpex-text-center vc_custom_1657713613896\" style=\"color:#000000;font-size:45px;font-weight:700;line-height:55px;\"><span class=\"vcex-heading-inner wpex-inline-block wpex-clr\">Formavigo<\/span><\/h2>[vc_column_text text_align=\u00bbcenter\u00bb color=\u00bb#000000&#8243; font_size=\u00bb23px\u00bb font_family=\u00bbPoppins\u00bb line_height=\u00bb33px\u00bb css=\u00bb.vc_custom_1657180237537{margin-top: 30px !important;margin-left: 50px !important;}\u00bb el_class=\u00bbsub2&#8243;]<strong>Escuela profesional<\/strong> de formaci\u00f3n, especializada en soldadura, descubre los cursos que la han convertido en referente formativo en el sector[\/vc_column_text][vc_column_text text_align=\u00bbcenter\u00bb color=\u00bb#000000&#8243; font_size=\u00bb19px\u00bb line_height=\u00bb29px\u00bb font_weight=\u00bbbold\u00bb css=\u00bb.vc_custom_1657867438445{margin-top: 50px !important;}\u00bb el_class=\u00bblink2 fm-enlace-flecha\u00bb font_family=\u00bbPoppins\u00bb]<a class=\"fm-azul\" href=\"https:\/\/formavigo.es\/\" target=\"_blank\" rel=\"noopener\">SABER M\u00c1S \u00a0<img loading=\"lazy\" decoding=\"async\" src=\"https:\/\/fundacionformavigo.com\/\/wp-content\/uploads\/2022\/07\/flecha-der-azul.png\" alt=\"\" width=\"28\" height=\"9\" \/><\/a>[\/vc_column_text][\/vc_column][\/vc_row][\/vc_section][vc_section el_id=\u00bbsec16&#8243;][vc_row][vc_column]<h2 class=\"vcex-heading vcex-module wpex-text-2xl wpex-font-normal wpex-m-auto wpex-max-w-100 vcex-heading-plain wpex-block wpex-text-left fm-margin-grande\" style=\"color:#000000;font-family:&#039;Poppins&#039;,sans-serif;font-size:65px;font-weight:700;line-height:75px;\"><span class=\"vcex-heading-inner wpex-inline-block wpex-clr\">Nuevos proyectos en la Fundaci\u00f3n<\/span><\/h2><h3 class=\"vcex-heading vcex-module wpex-text-2xl wpex-font-normal wpex-m-auto wpex-max-w-100 vcex-heading-plain wpex-block wpex-text-left\" style=\"color:#000000;font-family:&#039;Poppins&#039;,sans-serif;font-size:45px;font-weight:700;line-height:55px;\"><span class=\"vcex-heading-inner wpex-inline-block wpex-clr\">Proyectos de inclusi\u00f3n social<\/span><\/h3>[vc_column_text text_align=\u00bbleft\u00bb color=\u00bb#000000&#8243; font_size=\u00bb23px\u00bb font_family=\u00bbPoppins\u00bb line_height=\u00bb33px\u00bb css=\u00bb.vc_custom_1657795524923{margin-top: 50px !important;}\u00bb]Gracias al apoyo del grupo seguimos conquistando objetivos.[\/vc_column_text]<div class=\"vcex-spacing wpex-w-100 wpex-clear\"><\/div>[\/vc_column][\/vc_row][vc_row][vc_column]<div class=\"vcex-module vcex-portfolio-grid-wrap wpex-clr portfolio1tesol fm-margin-maxi\"><div class=\"wpex-row vcex-portfolio-grid wpex-clr entries match-height-grid\"><div class=\"portfolio-entry vcex-grid-item entry-has-details span_1_of_3 col col-1  textleft post-1684 entry type-portfolio has-media\"><div class=\"portfolio-entry-inner entry-inner wpex-first-mt-0 wpex-last-mb-0 wpex-clr\"><div class=\"portfolio-entry-details entry-details wpex-boxed wpex-first-mt-0 wpex-last-mb-0 wpex-clr\" style=\"color:#000000;\"><div class=\"match-height-content\"><h2 class=\"portfolio-entry-title entry-title wpex-mb-5 wpex-child-inherit-color\" style=\"font-size:23px;color:#000000;font-weight:700;\"><a href=\"https:\/\/fundacionformavigo.com\/es\/curso\/formate-na-empresa-na-empresa-2026\/\" title=\"F\u00d3RMATE NA EMPRESA 2026\">F\u00d3RMATE NA EMPRESA 2026<\/a><\/h2><div class=\"portfolio-entry-excerpt entry-excerpt wpex-my-15 wpex-last-mb-0 wpex-clr\" style=\"font-size:19px;\"><p>Se tes entre 18 e 30 anos, non est\u00e1s traballando nin estudando, e est\u00e1s inscrito&hellip;<\/p><\/div><div class=\"portfolio-entry-readmore-wrap entry-readmore-wrap wpex-my-15 wpex-clr\"><a href=\"https:\/\/fundacionformavigo.com\/es\/curso\/formate-na-empresa-na-empresa-2026\/\" class=\"theme-button\" style=\"font-size:17px;border-radius:25px;\" aria-label=\"SABER M\u00c1S about F\u00d3RMATE NA EMPRESA 2026\">SABER M\u00c1S<\/a><\/div><\/div><\/div><\/div><\/div><div class=\"portfolio-entry vcex-grid-item entry-has-details span_1_of_3 col col-2  textleft post-1660 entry type-portfolio has-media\"><div class=\"portfolio-entry-inner entry-inner wpex-first-mt-0 wpex-last-mb-0 wpex-clr\"><div class=\"portfolio-entry-details entry-details wpex-boxed wpex-first-mt-0 wpex-last-mb-0 wpex-clr\" style=\"color:#000000;\"><div class=\"match-height-content\"><h2 class=\"portfolio-entry-title entry-title wpex-mb-5 wpex-child-inherit-color\" style=\"font-size:23px;color:#000000;font-weight:700;\"><a href=\"https:\/\/fundacionformavigo.com\/es\/curso\/programa-integrado-de-emprego-2025-2026\/\" title=\"PROGRAMA INTEGRADO DE EMPREGO 2025\/2026\">PROGRAMA INTEGRADO DE EMPREGO 2025\/2026<\/a><\/h2><div class=\"portfolio-entry-excerpt entry-excerpt wpex-my-15 wpex-last-mb-0 wpex-clr\" style=\"font-size:19px;\"><p>PROGRAMA INTEGRADO DE EMPREGO DA FUNDACI\u00d3N FORMAVIGO 2025\/2026 Programa de inserci\u00f3n laboral para persoas desempregadas.&hellip;<\/p><\/div><div class=\"portfolio-entry-readmore-wrap entry-readmore-wrap wpex-my-15 wpex-clr\"><a href=\"https:\/\/fundacionformavigo.com\/es\/curso\/programa-integrado-de-emprego-2025-2026\/\" class=\"theme-button\" style=\"font-size:17px;border-radius:25px;\" aria-label=\"SABER M\u00c1S about PROGRAMA INTEGRADO DE EMPREGO 2025\/2026\">SABER M\u00c1S<\/a><\/div><\/div><\/div><\/div><\/div><div class=\"portfolio-entry vcex-grid-item entry-has-details span_1_of_3 col col-3  textleft post-1652 entry type-portfolio has-media\"><div class=\"portfolio-entry-inner entry-inner wpex-first-mt-0 wpex-last-mb-0 wpex-clr\"><div class=\"portfolio-entry-details entry-details wpex-boxed wpex-first-mt-0 wpex-last-mb-0 wpex-clr\" style=\"color:#000000;\"><div class=\"match-height-content\"><h2 class=\"portfolio-entry-title entry-title wpex-mb-5 wpex-child-inherit-color\" style=\"font-size:23px;color:#000000;font-weight:700;\"><a href=\"https:\/\/fundacionformavigo.com\/es\/curso\/caixa-e-reposicion\/\" title=\"CAIXA E REPOSICI\u00d3N\">CAIXA E REPOSICI\u00d3N<\/a><\/h2><div class=\"portfolio-entry-excerpt entry-excerpt wpex-my-15 wpex-last-mb-0 wpex-clr\" style=\"font-size:19px;\"><p>Dentro do novo programa de orientaci\u00f3n laboral e formaci\u00f3n contamos cun curso gratuito subvencionado pola&hellip;<\/p><\/div><div class=\"portfolio-entry-readmore-wrap entry-readmore-wrap wpex-my-15 wpex-clr\"><a href=\"https:\/\/fundacionformavigo.com\/es\/curso\/caixa-e-reposicion\/\" class=\"theme-button\" style=\"font-size:17px;border-radius:25px;\" aria-label=\"SABER M\u00c1S about CAIXA E REPOSICI\u00d3N\">SABER M\u00c1S<\/a><\/div><\/div><\/div><\/div><\/div><\/div><\/div>[vc_column_text text_align=\u00bbcenter\u00bb color=\u00bb#000000&#8243; font_size=\u00bb19px\u00bb font_family=\u00bbPoppins\u00bb line_height=\u00bb29px\u00bb css=\u00bb.vc_custom_1657818257038{border-radius: 25px !important;}\u00bb font_weight=\u00bbbold\u00bb]<a class=\"fm-boton\" href=\"https:\/\/fundacionformavigo.com\/\/oferta-formativa\/\">VER M\u00c1S<\/a>[\/vc_column_text][\/vc_column][\/vc_row][\/vc_section]\n","protected":false},"excerpt":{"rendered":"<p>[vc_section full_width=\u00bbstretch_row\u00bb el_id=\u00bbsec14&#8243; css=\u00bb.vc_custom_1657713267045{margin-bottom: 100px !important;}\u00bb][vc_row][vc_column][\/vc_column][\/vc_row][vc_row full_width=\u00bbstretch_row_content_no_spaces\u00bb el_class=\u00bbfm-imagen-cabecera\u00bb][vc_column][vc_single_image image=\u00bb1331&#8243;][\/vc_column][\/vc_row][vc_row][vc_column][vc_column_text text_align=\u00bbcenter\u00bb color=\u00bb#000000&#8243; font_size=\u00bb23px\u00bb font_family=\u00bbPoppins\u00bb line_height=\u00bb33px\u00bb el_class=\u00bbsub1tesol1&#8243; css=\u00bb.vc_custom_1657713452726{margin-top: 50px !important;}\u00bb]Tesol es una empresa de soldadura referente en el sector, en producto, en asesoramiento y en formaci\u00f3n. Fundaci\u00f3n Formavigo es una parte fundamental de Tesol Group, gracias a la c\u00faal la empresa realiza actividades de RSC, para reforzar&hellip;<\/p>\n","protected":false},"author":1,"featured_media":1331,"parent":0,"menu_order":0,"comment_status":"closed","ping_status":"closed","template":"","meta":{"_acf_changed":false,"inline_featured_image":false,"footnotes":""},"class_list":["post-166","page","type-page","status-publish","has-post-thumbnail","hentry","entry","has-media"],"acf":[],"yoast_head":"<!-- This site is optimized with the Yoast SEO plugin v27.5 - https:\/\/yoast.com\/product\/yoast-seo-wordpress\/ -->\n<title>Tesol Group | Fundaci\u00f3n Formavigo<\/title>\n<meta name=\"description\" content=\"El motor de Fundaci\u00f3n Formavigo. Tesol es una empresa de soldadura referente en el sector, en producto, en asesoramiento y en formaci\u00f3n.\" \/>\n<meta name=\"robots\" content=\"index, follow, max-snippet:-1, max-image-preview:large, max-video-preview:-1\" \/>\n<link rel=\"canonical\" href=\"https:\/\/fundacionformavigo.com\/es\/tesol-group\/\" \/>\n<meta property=\"og:locale\" content=\"es_ES\" \/>\n<meta property=\"og:type\" content=\"article\" \/>\n<meta property=\"og:title\" content=\"Tesol Group | Fundaci\u00f3n Formavigo\" \/>\n<meta property=\"og:description\" content=\"El motor de Fundaci\u00f3n Formavigo. Tesol es una empresa de soldadura referente en el sector, en producto, en asesoramiento y en formaci\u00f3n.\" \/>\n<meta property=\"og:url\" content=\"https:\/\/fundacionformavigo.com\/es\/tesol-group\/\" \/>\n<meta property=\"og:site_name\" content=\"Fundaci\u00f3n Formavigo\" \/>\n<meta property=\"article:modified_time\" content=\"2023-07-05T12:08:27+00:00\" \/>\n<meta property=\"og:image\" content=\"https:\/\/fundacionformavigo.com\/wp-content\/uploads\/2023\/07\/cabecera-tesol-group.webp\" \/>\n\t<meta property=\"og:image:width\" content=\"2560\" \/>\n\t<meta property=\"og:image:height\" content=\"516\" \/>\n\t<meta property=\"og:image:type\" content=\"image\/webp\" \/>\n<meta name=\"twitter:card\" content=\"summary_large_image\" \/>\n<meta name=\"twitter:label1\" content=\"Tiempo de lectura\" \/>\n\t<meta name=\"twitter:data1\" content=\"2 minutos\" \/>\n<script type=\"application\/ld+json\" class=\"yoast-schema-graph\">{\"@context\":\"https:\\\/\\\/schema.org\",\"@graph\":[{\"@type\":\"WebPage\",\"@id\":\"https:\\\/\\\/fundacionformavigo.com\\\/es\\\/tesol-group\\\/\",\"url\":\"https:\\\/\\\/fundacionformavigo.com\\\/es\\\/tesol-group\\\/\",\"name\":\"Tesol Group | Fundaci\u00f3n Formavigo\",\"isPartOf\":{\"@id\":\"https:\\\/\\\/fundacionformavigo.com\\\/es\\\/#website\"},\"primaryImageOfPage\":{\"@id\":\"https:\\\/\\\/fundacionformavigo.com\\\/es\\\/tesol-group\\\/#primaryimage\"},\"image\":{\"@id\":\"https:\\\/\\\/fundacionformavigo.com\\\/es\\\/tesol-group\\\/#primaryimage\"},\"thumbnailUrl\":\"https:\\\/\\\/fundacionformavigo.com\\\/wp-content\\\/uploads\\\/2023\\\/07\\\/cabecera-tesol-group.webp\",\"datePublished\":\"2022-07-07T07:08:04+00:00\",\"dateModified\":\"2023-07-05T12:08:27+00:00\",\"description\":\"El motor de Fundaci\u00f3n Formavigo. Tesol es una empresa de soldadura referente en el sector, en producto, en asesoramiento y en formaci\u00f3n.\",\"breadcrumb\":{\"@id\":\"https:\\\/\\\/fundacionformavigo.com\\\/es\\\/tesol-group\\\/#breadcrumb\"},\"inLanguage\":\"es\",\"potentialAction\":[{\"@type\":\"ReadAction\",\"target\":[\"https:\\\/\\\/fundacionformavigo.com\\\/es\\\/tesol-group\\\/\"]}]},{\"@type\":\"ImageObject\",\"inLanguage\":\"es\",\"@id\":\"https:\\\/\\\/fundacionformavigo.com\\\/es\\\/tesol-group\\\/#primaryimage\",\"url\":\"https:\\\/\\\/fundacionformavigo.com\\\/wp-content\\\/uploads\\\/2023\\\/07\\\/cabecera-tesol-group.webp\",\"contentUrl\":\"https:\\\/\\\/fundacionformavigo.com\\\/wp-content\\\/uploads\\\/2023\\\/07\\\/cabecera-tesol-group.webp\",\"width\":2560,\"height\":516,\"caption\":\"Cabecera Tesol Group\"},{\"@type\":\"BreadcrumbList\",\"@id\":\"https:\\\/\\\/fundacionformavigo.com\\\/es\\\/tesol-group\\\/#breadcrumb\",\"itemListElement\":[{\"@type\":\"ListItem\",\"position\":1,\"name\":\"Portada\",\"item\":\"https:\\\/\\\/fundacionformavigo.com\\\/es\\\/\"},{\"@type\":\"ListItem\",\"position\":2,\"name\":\"Tesol Group\"}]},{\"@type\":\"WebSite\",\"@id\":\"https:\\\/\\\/fundacionformavigo.com\\\/es\\\/#website\",\"url\":\"https:\\\/\\\/fundacionformavigo.com\\\/es\\\/\",\"name\":\"Fundaci\u00f3n Formavigo\",\"description\":\"\",\"publisher\":{\"@id\":\"https:\\\/\\\/fundacionformavigo.com\\\/es\\\/#organization\"},\"potentialAction\":[{\"@type\":\"SearchAction\",\"target\":{\"@type\":\"EntryPoint\",\"urlTemplate\":\"https:\\\/\\\/fundacionformavigo.com\\\/es\\\/?s={search_term_string}\"},\"query-input\":{\"@type\":\"PropertyValueSpecification\",\"valueRequired\":true,\"valueName\":\"search_term_string\"}}],\"inLanguage\":\"es\"},{\"@type\":\"Organization\",\"@id\":\"https:\\\/\\\/fundacionformavigo.com\\\/es\\\/#organization\",\"name\":\"Fundaci\u00f3n Formavigo\",\"url\":\"https:\\\/\\\/fundacionformavigo.com\\\/es\\\/\",\"logo\":{\"@type\":\"ImageObject\",\"inLanguage\":\"es\",\"@id\":\"https:\\\/\\\/fundacionformavigo.com\\\/es\\\/#\\\/schema\\\/logo\\\/image\\\/\",\"url\":\"https:\\\/\\\/fundacionformavigo.com\\\/wp-content\\\/uploads\\\/2022\\\/07\\\/logo-fundacion-formavigo-azul.svg\",\"contentUrl\":\"https:\\\/\\\/fundacionformavigo.com\\\/wp-content\\\/uploads\\\/2022\\\/07\\\/logo-fundacion-formavigo-azul.svg\",\"width\":358,\"height\":41,\"caption\":\"Fundaci\u00f3n Formavigo\"},\"image\":{\"@id\":\"https:\\\/\\\/fundacionformavigo.com\\\/es\\\/#\\\/schema\\\/logo\\\/image\\\/\"}}]}<\/script>\n<!-- \/ Yoast SEO plugin. -->","yoast_head_json":{"title":"Tesol Group | Fundaci\u00f3n Formavigo","description":"El motor de Fundaci\u00f3n Formavigo. Tesol es una empresa de soldadura referente en el sector, en producto, en asesoramiento y en formaci\u00f3n.","robots":{"index":"index","follow":"follow","max-snippet":"max-snippet:-1","max-image-preview":"max-image-preview:large","max-video-preview":"max-video-preview:-1"},"canonical":"https:\/\/fundacionformavigo.com\/es\/tesol-group\/","og_locale":"es_ES","og_type":"article","og_title":"Tesol Group | Fundaci\u00f3n Formavigo","og_description":"El motor de Fundaci\u00f3n Formavigo. Tesol es una empresa de soldadura referente en el sector, en producto, en asesoramiento y en formaci\u00f3n.","og_url":"https:\/\/fundacionformavigo.com\/es\/tesol-group\/","og_site_name":"Fundaci\u00f3n Formavigo","article_modified_time":"2023-07-05T12:08:27+00:00","og_image":[{"width":2560,"height":516,"url":"https:\/\/fundacionformavigo.com\/wp-content\/uploads\/2023\/07\/cabecera-tesol-group.webp","type":"image\/webp"}],"twitter_card":"summary_large_image","twitter_misc":{"Tiempo de lectura":"2 minutos"},"schema":{"@context":"https:\/\/schema.org","@graph":[{"@type":"WebPage","@id":"https:\/\/fundacionformavigo.com\/es\/tesol-group\/","url":"https:\/\/fundacionformavigo.com\/es\/tesol-group\/","name":"Tesol Group | Fundaci\u00f3n Formavigo","isPartOf":{"@id":"https:\/\/fundacionformavigo.com\/es\/#website"},"primaryImageOfPage":{"@id":"https:\/\/fundacionformavigo.com\/es\/tesol-group\/#primaryimage"},"image":{"@id":"https:\/\/fundacionformavigo.com\/es\/tesol-group\/#primaryimage"},"thumbnailUrl":"https:\/\/fundacionformavigo.com\/wp-content\/uploads\/2023\/07\/cabecera-tesol-group.webp","datePublished":"2022-07-07T07:08:04+00:00","dateModified":"2023-07-05T12:08:27+00:00","description":"El motor de Fundaci\u00f3n Formavigo. Tesol es una empresa de soldadura referente en el sector, en producto, en asesoramiento y en formaci\u00f3n.","breadcrumb":{"@id":"https:\/\/fundacionformavigo.com\/es\/tesol-group\/#breadcrumb"},"inLanguage":"es","potentialAction":[{"@type":"ReadAction","target":["https:\/\/fundacionformavigo.com\/es\/tesol-group\/"]}]},{"@type":"ImageObject","inLanguage":"es","@id":"https:\/\/fundacionformavigo.com\/es\/tesol-group\/#primaryimage","url":"https:\/\/fundacionformavigo.com\/wp-content\/uploads\/2023\/07\/cabecera-tesol-group.webp","contentUrl":"https:\/\/fundacionformavigo.com\/wp-content\/uploads\/2023\/07\/cabecera-tesol-group.webp","width":2560,"height":516,"caption":"Cabecera Tesol Group"},{"@type":"BreadcrumbList","@id":"https:\/\/fundacionformavigo.com\/es\/tesol-group\/#breadcrumb","itemListElement":[{"@type":"ListItem","position":1,"name":"Portada","item":"https:\/\/fundacionformavigo.com\/es\/"},{"@type":"ListItem","position":2,"name":"Tesol Group"}]},{"@type":"WebSite","@id":"https:\/\/fundacionformavigo.com\/es\/#website","url":"https:\/\/fundacionformavigo.com\/es\/","name":"Fundaci\u00f3n Formavigo","description":"","publisher":{"@id":"https:\/\/fundacionformavigo.com\/es\/#organization"},"potentialAction":[{"@type":"SearchAction","target":{"@type":"EntryPoint","urlTemplate":"https:\/\/fundacionformavigo.com\/es\/?s={search_term_string}"},"query-input":{"@type":"PropertyValueSpecification","valueRequired":true,"valueName":"search_term_string"}}],"inLanguage":"es"},{"@type":"Organization","@id":"https:\/\/fundacionformavigo.com\/es\/#organization","name":"Fundaci\u00f3n Formavigo","url":"https:\/\/fundacionformavigo.com\/es\/","logo":{"@type":"ImageObject","inLanguage":"es","@id":"https:\/\/fundacionformavigo.com\/es\/#\/schema\/logo\/image\/","url":"https:\/\/fundacionformavigo.com\/wp-content\/uploads\/2022\/07\/logo-fundacion-formavigo-azul.svg","contentUrl":"https:\/\/fundacionformavigo.com\/wp-content\/uploads\/2022\/07\/logo-fundacion-formavigo-azul.svg","width":358,"height":41,"caption":"Fundaci\u00f3n Formavigo"},"image":{"@id":"https:\/\/fundacionformavigo.com\/es\/#\/schema\/logo\/image\/"}}]}},"_links":{"self":[{"href":"https:\/\/fundacionformavigo.com\/es\/wp-json\/wp\/v2\/pages\/166","targetHints":{"allow":["GET"]}}],"collection":[{"href":"https:\/\/fundacionformavigo.com\/es\/wp-json\/wp\/v2\/pages"}],"about":[{"href":"https:\/\/fundacionformavigo.com\/es\/wp-json\/wp\/v2\/types\/page"}],"author":[{"embeddable":true,"href":"https:\/\/fundacionformavigo.com\/es\/wp-json\/wp\/v2\/users\/1"}],"replies":[{"embeddable":true,"href":"https:\/\/fundacionformavigo.com\/es\/wp-json\/wp\/v2\/comments?post=166"}],"version-history":[{"count":11,"href":"https:\/\/fundacionformavigo.com\/es\/wp-json\/wp\/v2\/pages\/166\/revisions"}],"predecessor-version":[{"id":1334,"href":"https:\/\/fundacionformavigo.com\/es\/wp-json\/wp\/v2\/pages\/166\/revisions\/1334"}],"wp:featuredmedia":[{"embeddable":true,"href":"https:\/\/fundacionformavigo.com\/es\/wp-json\/wp\/v2\/media\/1331"}],"wp:attachment":[{"href":"https:\/\/fundacionformavigo.com\/es\/wp-json\/wp\/v2\/media?parent=166"}],"curies":[{"name":"wp","href":"https:\/\/api.w.org\/{rel}","templated":true}]}}