{"id":1022,"date":"2022-08-10T06:18:55","date_gmt":"2022-08-10T06:18:55","guid":{"rendered":"https:\/\/fundacionformavigo.com\/?page_id=1022"},"modified":"2022-08-31T10:35:33","modified_gmt":"2022-08-31T10:35:33","slug":"condiciones-de-uso","status":"publish","type":"page","link":"https:\/\/fundacionformavigo.com\/es\/condiciones-de-uso\/","title":{"rendered":"Condiciones de uso"},"content":{"rendered":"[vc_row][vc_column][vc_column_text color=\u00bb#000000&#8243; font_family=\u00bbPoppins\u00bb]TESOL S.L. en adelante, FormaVigo, con domicilio social en Avda. Beiramar, 171, bajo, 36208 Vigo, CIF B-36838878 presta sus servicios en los t\u00e9rminos recogidos en las presentes condiciones generales:<\/p>\n<p>Salvo que se indique espec\u00edficamente lo contrario, el acceso a los servicios ofrecidos por FormaVigo es gratuito, si bien puede ser necesario, por cuestiones de seguridad y protecci\u00f3n de datos o sencillamente por las caracter\u00edsticas del servicio, el registro previo. En los servicios en los que el usuario deba registrarse y se le facilite un acceso con una contrase\u00f1a, el usuario ser\u00e1 el \u00fanico responsable de mantenerla en privado.<\/p>\n<p>Por el mero uso de los servicios ofrecidos por FormaVigo, el usuario manifiesta su aceptaci\u00f3n sin reservas de las presentes condiciones generales y acepta las restricciones de uso de los servicios que se puedan imponer en su momento.<\/p>\n<p>El usuario se obliga a no utilizar los servicios para la realizaci\u00f3n de actividades contrarias a las leyes, al orden p\u00fablico y, en general, a hacer un uso conforme a las presentes condiciones generales. Se obliga asimismo a no utilizar estos servicios con intenciones comerciales o publicitarias salvo acuerdo o consentimiento expl\u00edcito, as\u00ed como a no utilizar identidades falsas ni suplir las identidades de otras personas.<\/p>\n<p>Parte de la actividad de FormaVigo consiste en hacer publicidad de otras empresas, productos y servicios. FormaVigo en ning\u00fan caso puede asumir ninguna responsabilidad ni da ninguna garant\u00eda o soporte sobre aquello que publicita, ya que se entiende que la responsabilidad sobre todo lo que ofrece un anuncio, o cualquier tipo de comunicaci\u00f3n comercial en general, debe ser en todo caso del anunciante.<\/p>\n<p>Est\u00e1n especialmente prohibidos el insulto gratuito, la incitaci\u00f3n a la violencia o al odio, cualquier acci\u00f3n contraria a los derechos del menor y la infancia, la copia y distribuci\u00f3n de material protegido por derechos de autor o de copyright, el env\u00edo de correos electr\u00f3nicos no solicitados (conocido como correo SPAM) o cualquier tipo de comunicaci\u00f3n similar, la extracci\u00f3n de datos personales u otro tipo de informaci\u00f3n o software de nuestros sistemas inform\u00e1ticos y en general cualquier otra actividad que sea contraria a la ley, considerando que FormaVigo se rige por las leyes espa\u00f1olas. En el caso de detectarse a alg\u00fan usuario realizando dichas actividades prohibidas, FormaVigo es libre de tomar medidas tales como impedir el acceso al infractor y cancelar sus cuentas de usuario (incluyendo pagos pendientes si los hubiera), e incluso seg\u00fan la gravedad alertar a las autoridades competentes o emprender acciones legales para la compensaci\u00f3n del da\u00f1o causado.<\/p>\n<p>FormaVigo no ser\u00e1 responsable de los fallos que pudieran producirse en las comunicaciones, incluido el borrado, transmisi\u00f3n incompleta o retrasos en la remisi\u00f3n, no comprometi\u00e9ndose tampoco a que la red de transmisi\u00f3n est\u00e9 operativa en todo momento. Tampoco podr\u00e1 ser responsable en caso de que un tercero, quebrantando las medidas de seguridad establecidas por FormaVigo, acceda a los mensajes, coloque virus inform\u00e1ticos o produzca cualquier otro tipo de da\u00f1o en el sistema inform\u00e1tico que pueda repercutir en sus usuarios.<\/p>\n<p>FormaVigo ha adoptado una pol\u00edtica de protecci\u00f3n de datos de car\u00e1cter personal, incluyendo el registro de las mismas en la Agencia de Protecci\u00f3n de Datos, pero no puede garantizar la invulnerabilidad absoluta de sus sistemas de seguridad, ni puede garantizar la seguridad o inviolabilidad de dichos datos en su transmisi\u00f3n a trav\u00e9s de la red.<\/p>\n<p>Aunque pone todos sus esfuerzos en ello, FormaVigo no puede garantizar la licitud, fiabilidad y utilidad de los contenidos y servicios, as\u00ed como tampoco su veracidad o exactitud.<\/p>\n<p>FormaVigo no controla ni garantiza la ausencia de virus inform\u00e1ticos en los servicios prestados por terceros que puedan producir alteraciones en su sistema inform\u00e1tico (software y hardware) o en los documentos y ficheros electr\u00f3nicos almacenados en su sistema inform\u00e1tico.<\/p>\n<p>FormaVigo ofrece una considerable cantidad de enlaces a otras p\u00e1ginas web como complemento a su oferta informativa y de servicios. No obstante no puede hacerse responsable de la informaci\u00f3n, productos o servicios que se pueda encontrar en las direcciones de Internet que no sean directamente propiedad de FormaVigo.<\/p>\n<p>FormaVigo carece de medios para controlar la utilizaci\u00f3n que los usuarios hacen del portal, y por tanto no garantiza que lo hagan de forma conforme a las presentes condiciones generales, si bien tomar\u00e1 las medidas necesarias en caso de descubrir dichas actividades ileg\u00edtimas, entre las cuales figurar\u00eda la interrupci\u00f3n del servicio ofrecido al infractor.<\/p>\n<p>FormaVigo se reserva el derecho de dejar de prestar cualquiera de sus servicios, bastando para ello comunicarlo a trav\u00e9s del mismo medio con un preaviso de quince d\u00edas. Se reserva, asimismo, el derecho de modificar unilateralmente, en cualquier momento y sin previo aviso, la presentaci\u00f3n y condiciones del servicio, as\u00ed como los servicios y las condiciones requeridas para su utilizaci\u00f3n.<\/p>\n<p>FormaVigo podr\u00e1, en cualquier momento, modificar las presentes condiciones generales o introducir nuevas condiciones de uso, incluido el cese de la gratuidad, con car\u00e1cter no retroactivo.<\/p>\n<p>El usuario acepta que los datos personales por \u00e9l facilitados o que se faciliten en el futuro a FormaVigo puedan ser objeto de tratamiento en un fichero de datos de car\u00e1cter personal, conforme a su Pol\u00edtica de protecci\u00f3n de datos de car\u00e1cter personal.<\/p>\n<p>El usuario, con expresa renuncia a su propio fuero, acepta como legislaci\u00f3n rectora de las presentes condiciones la espa\u00f1ola y se somete para la resoluci\u00f3n de cuantos litigios pudieran derivarse de las mismas a los Juzgados y Tribunales de Vigo.[\/vc_column_text][\/vc_column][\/vc_row]\n","protected":false},"excerpt":{"rendered":"<p>[vc_row][vc_column][vc_column_text color=\u00bb#000000&#8243; font_family=\u00bbPoppins\u00bb]TESOL S.L. en adelante, FormaVigo, con domicilio social en Avda. Beiramar, 171, bajo, 36208 Vigo, CIF B-36838878 presta sus servicios en los t\u00e9rminos recogidos en las presentes condiciones generales: Salvo que se indique espec\u00edficamente lo contrario, el acceso a los servicios ofrecidos por FormaVigo es gratuito, si bien puede ser necesario, por cuestiones&hellip;<\/p>\n","protected":false},"author":1,"featured_media":0,"parent":0,"menu_order":0,"comment_status":"closed","ping_status":"closed","template":"","meta":{"_acf_changed":false,"inline_featured_image":false,"footnotes":""},"class_list":["post-1022","page","type-page","status-publish","hentry","entry","no-media"],"acf":[],"yoast_head":"<!-- This site is optimized with the Yoast SEO plugin v27.3 - https:\/\/yoast.com\/product\/yoast-seo-wordpress\/ -->\n<title>Condiciones de uso | Fundaci\u00f3n Formavigo<\/title>\n<meta name=\"robots\" content=\"noindex, nofollow\" \/>\n<meta property=\"og:locale\" content=\"es_ES\" \/>\n<meta property=\"og:type\" content=\"article\" \/>\n<meta property=\"og:title\" content=\"Condiciones de uso | Fundaci\u00f3n Formavigo\" \/>\n<meta property=\"og:description\" content=\"[vc_row][vc_column][vc_column_text color=\u00bb#000000&#8243; font_family=\u00bbPoppins\u00bb]TESOL S.L. en adelante, FormaVigo, con domicilio social en Avda. Beiramar, 171, bajo, 36208 Vigo, CIF B-36838878 presta sus servicios en los t\u00e9rminos recogidos en las presentes condiciones generales: Salvo que se indique espec\u00edficamente lo contrario, el acceso a los servicios ofrecidos por FormaVigo es gratuito, si bien puede ser necesario, por cuestiones&hellip;\" \/>\n<meta property=\"og:url\" content=\"https:\/\/fundacionformavigo.com\/es\/condiciones-de-uso\/\" \/>\n<meta property=\"og:site_name\" content=\"Fundaci\u00f3n Formavigo\" \/>\n<meta property=\"article:modified_time\" content=\"2022-08-31T10:35:33+00:00\" \/>\n<meta name=\"twitter:card\" content=\"summary_large_image\" \/>\n<meta name=\"twitter:label1\" content=\"Tiempo de lectura\" \/>\n\t<meta name=\"twitter:data1\" content=\"5 minutos\" \/>\n<script type=\"application\/ld+json\" class=\"yoast-schema-graph\">{\"@context\":\"https:\\\/\\\/schema.org\",\"@graph\":[{\"@type\":\"WebPage\",\"@id\":\"https:\\\/\\\/fundacionformavigo.com\\\/es\\\/condiciones-de-uso\\\/\",\"url\":\"https:\\\/\\\/fundacionformavigo.com\\\/es\\\/condiciones-de-uso\\\/\",\"name\":\"Condiciones de uso | Fundaci\u00f3n Formavigo\",\"isPartOf\":{\"@id\":\"https:\\\/\\\/fundacionformavigo.com\\\/es\\\/#website\"},\"datePublished\":\"2022-08-10T06:18:55+00:00\",\"dateModified\":\"2022-08-31T10:35:33+00:00\",\"breadcrumb\":{\"@id\":\"https:\\\/\\\/fundacionformavigo.com\\\/es\\\/condiciones-de-uso\\\/#breadcrumb\"},\"inLanguage\":\"es\",\"potentialAction\":[{\"@type\":\"ReadAction\",\"target\":[\"https:\\\/\\\/fundacionformavigo.com\\\/es\\\/condiciones-de-uso\\\/\"]}]},{\"@type\":\"BreadcrumbList\",\"@id\":\"https:\\\/\\\/fundacionformavigo.com\\\/es\\\/condiciones-de-uso\\\/#breadcrumb\",\"itemListElement\":[{\"@type\":\"ListItem\",\"position\":1,\"name\":\"Portada\",\"item\":\"https:\\\/\\\/fundacionformavigo.com\\\/es\\\/\"},{\"@type\":\"ListItem\",\"position\":2,\"name\":\"Condiciones de uso\"}]},{\"@type\":\"WebSite\",\"@id\":\"https:\\\/\\\/fundacionformavigo.com\\\/es\\\/#website\",\"url\":\"https:\\\/\\\/fundacionformavigo.com\\\/es\\\/\",\"name\":\"Fundaci\u00f3n Formavigo\",\"description\":\"\",\"publisher\":{\"@id\":\"https:\\\/\\\/fundacionformavigo.com\\\/es\\\/#organization\"},\"potentialAction\":[{\"@type\":\"SearchAction\",\"target\":{\"@type\":\"EntryPoint\",\"urlTemplate\":\"https:\\\/\\\/fundacionformavigo.com\\\/es\\\/?s={search_term_string}\"},\"query-input\":{\"@type\":\"PropertyValueSpecification\",\"valueRequired\":true,\"valueName\":\"search_term_string\"}}],\"inLanguage\":\"es\"},{\"@type\":\"Organization\",\"@id\":\"https:\\\/\\\/fundacionformavigo.com\\\/es\\\/#organization\",\"name\":\"Fundaci\u00f3n Formavigo\",\"url\":\"https:\\\/\\\/fundacionformavigo.com\\\/es\\\/\",\"logo\":{\"@type\":\"ImageObject\",\"inLanguage\":\"es\",\"@id\":\"https:\\\/\\\/fundacionformavigo.com\\\/es\\\/#\\\/schema\\\/logo\\\/image\\\/\",\"url\":\"https:\\\/\\\/fundacionformavigo.com\\\/wp-content\\\/uploads\\\/2022\\\/07\\\/logo-fundacion-formavigo-azul.svg\",\"contentUrl\":\"https:\\\/\\\/fundacionformavigo.com\\\/wp-content\\\/uploads\\\/2022\\\/07\\\/logo-fundacion-formavigo-azul.svg\",\"width\":358,\"height\":41,\"caption\":\"Fundaci\u00f3n Formavigo\"},\"image\":{\"@id\":\"https:\\\/\\\/fundacionformavigo.com\\\/es\\\/#\\\/schema\\\/logo\\\/image\\\/\"}}]}<\/script>\n<!-- \/ Yoast SEO plugin. -->","yoast_head_json":{"title":"Condiciones de uso | Fundaci\u00f3n Formavigo","robots":{"index":"noindex","follow":"nofollow"},"og_locale":"es_ES","og_type":"article","og_title":"Condiciones de uso | Fundaci\u00f3n Formavigo","og_description":"[vc_row][vc_column][vc_column_text color=\u00bb#000000&#8243; font_family=\u00bbPoppins\u00bb]TESOL S.L. en adelante, FormaVigo, con domicilio social en Avda. Beiramar, 171, bajo, 36208 Vigo, CIF B-36838878 presta sus servicios en los t\u00e9rminos recogidos en las presentes condiciones generales: Salvo que se indique espec\u00edficamente lo contrario, el acceso a los servicios ofrecidos por FormaVigo es gratuito, si bien puede ser necesario, por cuestiones&hellip;","og_url":"https:\/\/fundacionformavigo.com\/es\/condiciones-de-uso\/","og_site_name":"Fundaci\u00f3n Formavigo","article_modified_time":"2022-08-31T10:35:33+00:00","twitter_card":"summary_large_image","twitter_misc":{"Tiempo de lectura":"5 minutos"},"schema":{"@context":"https:\/\/schema.org","@graph":[{"@type":"WebPage","@id":"https:\/\/fundacionformavigo.com\/es\/condiciones-de-uso\/","url":"https:\/\/fundacionformavigo.com\/es\/condiciones-de-uso\/","name":"Condiciones de uso | Fundaci\u00f3n Formavigo","isPartOf":{"@id":"https:\/\/fundacionformavigo.com\/es\/#website"},"datePublished":"2022-08-10T06:18:55+00:00","dateModified":"2022-08-31T10:35:33+00:00","breadcrumb":{"@id":"https:\/\/fundacionformavigo.com\/es\/condiciones-de-uso\/#breadcrumb"},"inLanguage":"es","potentialAction":[{"@type":"ReadAction","target":["https:\/\/fundacionformavigo.com\/es\/condiciones-de-uso\/"]}]},{"@type":"BreadcrumbList","@id":"https:\/\/fundacionformavigo.com\/es\/condiciones-de-uso\/#breadcrumb","itemListElement":[{"@type":"ListItem","position":1,"name":"Portada","item":"https:\/\/fundacionformavigo.com\/es\/"},{"@type":"ListItem","position":2,"name":"Condiciones de uso"}]},{"@type":"WebSite","@id":"https:\/\/fundacionformavigo.com\/es\/#website","url":"https:\/\/fundacionformavigo.com\/es\/","name":"Fundaci\u00f3n Formavigo","description":"","publisher":{"@id":"https:\/\/fundacionformavigo.com\/es\/#organization"},"potentialAction":[{"@type":"SearchAction","target":{"@type":"EntryPoint","urlTemplate":"https:\/\/fundacionformavigo.com\/es\/?s={search_term_string}"},"query-input":{"@type":"PropertyValueSpecification","valueRequired":true,"valueName":"search_term_string"}}],"inLanguage":"es"},{"@type":"Organization","@id":"https:\/\/fundacionformavigo.com\/es\/#organization","name":"Fundaci\u00f3n Formavigo","url":"https:\/\/fundacionformavigo.com\/es\/","logo":{"@type":"ImageObject","inLanguage":"es","@id":"https:\/\/fundacionformavigo.com\/es\/#\/schema\/logo\/image\/","url":"https:\/\/fundacionformavigo.com\/wp-content\/uploads\/2022\/07\/logo-fundacion-formavigo-azul.svg","contentUrl":"https:\/\/fundacionformavigo.com\/wp-content\/uploads\/2022\/07\/logo-fundacion-formavigo-azul.svg","width":358,"height":41,"caption":"Fundaci\u00f3n Formavigo"},"image":{"@id":"https:\/\/fundacionformavigo.com\/es\/#\/schema\/logo\/image\/"}}]}},"_links":{"self":[{"href":"https:\/\/fundacionformavigo.com\/es\/wp-json\/wp\/v2\/pages\/1022","targetHints":{"allow":["GET"]}}],"collection":[{"href":"https:\/\/fundacionformavigo.com\/es\/wp-json\/wp\/v2\/pages"}],"about":[{"href":"https:\/\/fundacionformavigo.com\/es\/wp-json\/wp\/v2\/types\/page"}],"author":[{"embeddable":true,"href":"https:\/\/fundacionformavigo.com\/es\/wp-json\/wp\/v2\/users\/1"}],"replies":[{"embeddable":true,"href":"https:\/\/fundacionformavigo.com\/es\/wp-json\/wp\/v2\/comments?post=1022"}],"version-history":[{"count":3,"href":"https:\/\/fundacionformavigo.com\/es\/wp-json\/wp\/v2\/pages\/1022\/revisions"}],"predecessor-version":[{"id":1051,"href":"https:\/\/fundacionformavigo.com\/es\/wp-json\/wp\/v2\/pages\/1022\/revisions\/1051"}],"wp:attachment":[{"href":"https:\/\/fundacionformavigo.com\/es\/wp-json\/wp\/v2\/media?parent=1022"}],"curies":[{"name":"wp","href":"https:\/\/api.w.org\/{rel}","templated":true}]}}