{"id":1019,"date":"2022-08-10T06:16:04","date_gmt":"2022-08-10T06:16:04","guid":{"rendered":"https:\/\/fundacionformavigo.com\/?page_id=1019"},"modified":"2022-08-31T10:46:39","modified_gmt":"2022-08-31T10:46:39","slug":"politica-de-cookies","status":"publish","type":"page","link":"https:\/\/fundacionformavigo.com\/es\/politica-de-cookies\/","title":{"rendered":"Pol\u00edtica de cookies"},"content":{"rendered":"[vc_row][vc_column][vc_column_text font_family=\u00bbPoppins\u00bb]\n<h3>COOKIES<\/h3>\n<p>Utilizamos cookies para facilitar el uso de nuestra p\u00e1gina web.<br \/>\nLas cookies son peque\u00f1os ficheros de informaci\u00f3n que nos permiten comparar y entender c\u00f3mo nuestros usuarios navegan a trav\u00e9s de nuestra p\u00e1gina web, y de esta manera poder mejorar consecuentemente el proceso de navegaci\u00f3n.<br \/>\nLas cookies que utilizamos no almacenan dato personal alguno, ni ning\u00fan tipo de informaci\u00f3n que pueda identificarle.<br \/>\nEn caso de no querer recibir cookies, por favor configure su navegador de Internet para que las borre del disco duro de su ordenador, las bloquee o le avise en caso de instalaci\u00f3n de las mismas.<br \/>\nPara continuar sin cambios en la configuraci\u00f3n de las cookies, simplemente contin\u00fae en la p\u00e1gina web.<br \/>\nPuedes obtener m\u00e1s informaci\u00f3n sobre las cookies y su uso en\u00a0<a href=\"http:\/\/www.aboutcookies.org\/\" rel=\"nofollow\">www.aboutcookies.org<\/a>.<\/p>\n<h3>LOS TIPOS DE COOKIES QUE UTILIZAMOS<\/h3>\n<p>&nbsp;<\/p>\n<h4>COOKIES ESTRICTAMENTE NECESARIAS<\/h4>\n<p>Estas cookies son necesarias para el correcto uso de la p\u00e1gina web, permitiendo el acceso a secciones que cuentan con filtros de seguridad. Sin estas cookies, muchos de los servicios disponibles no estar\u00edan operativos.<\/p>\n<h4>COOKIES DE NAVEGACI\u00d3N<\/h4>\n<p>Estas cookies recogen informaci\u00f3n sobre el uso que las visitas hacen de la web, por ejemplo p\u00e1ginas vistas, errores de carga\u2026 Es informaci\u00f3n gen\u00e9rica y an\u00f3nima, donde no se incluyen datos personales, ni se recoge informaci\u00f3n que identifique a los visitantes; siendo el objetivo \u00faltimo mejorar el funcionamiento de la web.<br \/>\nAl visitar nuestra p\u00e1gina web, acepta la instalaci\u00f3n de estas cookies en su dispositivo.<\/p>\n<h4>COOKIES FUNCIONALES<\/h4>\n<p>Estas cookies permiten recordar informaci\u00f3n (como su nombre de usuario, idioma o la regi\u00f3n en la que se encuentra) y caracter\u00edsticas m\u00e1s personales.<br \/>\nPor ejemplo, la posibilidad de ofrecer contenido personalizado basado en la informaci\u00f3n y criterios que hayas proporcionado voluntariamente. Estas cookies tambi\u00e9n pueden utilizarse para recordar los cambios realizados en el tama\u00f1o del texto, fuentes y otras partes personalizables de la p\u00e1gina web. Tambi\u00e9n se utilizan para ofrecer algunos servicios solicitados, como ver un video o comentar en un blog. La informaci\u00f3n que recopilan estas cookies puede ser an\u00f3nima y no podr\u00e1 ser seguida su actividad en otras p\u00e1ginas web.<br \/>\nAl visitar nuestra p\u00e1gina web, aceptas la instalaci\u00f3n de estas cookies en tu dispositivo.<\/p>\n<h3>\u00bfQU\u00c9 ES UNA COOKIE?<\/h3>\n<p>Las cookies son ficheros que se descargan en el terminal (ordenador\/smartphone\/tablet) del usuario al acceder a determinadas p\u00e1ginas web y que se almacenan en la memoria del mismo. Las cookies permiten, entre otras cosas, almacenar y recuperar informaci\u00f3n sobre los h\u00e1bitos de navegaci\u00f3n de un usuario o de su equipo, ver qu\u00e9 p\u00e1ginas se visitan, el tiempo de conexi\u00f3n, analizar el funcionamiento de una p\u00e1gina, si existen problemas t\u00e9cnicos, etc.<br \/>\nDependiendo de la informaci\u00f3n que contengan y la forma en que se utilice el terminal, pueden utilizarse para reconocer al usuario.<\/p>\n<h3>\u00bfPARA QU\u00c9 SIRVE UNA COOKIE?<\/h3>\n<p>Las cookies se utilizan para poder ofrecerle servicios y\/o publicidad personalizados, para analizar el funcionamiento del sistema, reconocerle cuando accede como usuario, localizar incidencias y problemas que puedan surgir y solventarlos en el menor plazo posible, as\u00ed como analizar y medir el uso y actividad de la p\u00e1gina web.<\/p>\n<h3>\u00bfSE NECESITA MI CONSENTIMIENTO PARA IMPLANTAR UNA COOKIE?<\/h3>\n<p>No se precisa el consentimiento para la instalaci\u00f3n de cookies t\u00e9cnicas o las que sean estrictamente necesarias para la prestaci\u00f3n de un servicio de la sociedad de la informaci\u00f3n expresamente solicitado por el destinatario.<br \/>\nPara el resto, s\u00ed se precisa del consentimiento del interesado que se puede solicitar por distintas v\u00edas. En el caso de Womp.es, se entender\u00e1 otorgado si Vd. sigue utilizando la p\u00e1gina web, sin perjuicio de que en cualquier momento podr\u00e1 revocarlo y desactivar las cookies.<\/p>\n<h3>\u00bfC\u00d3MO PUEDO DESACTIVAR LAS COOKIES?<\/h3>\n<p>La mayor\u00eda de los navegadores indican c\u00f3mo configurar su navegador para que no acepte cookies, para que le notifique cada vez que reciba una nueva cookie, as\u00ed como para desactivarlas completamente. Para controlar qu\u00e9 uso quiere que se haga de su informaci\u00f3n, puede configurar el navegador de su terminal en la forma que estime m\u00e1s conveniente para Vd.<br \/>\nEn todo caso, le hacemos notar que si se desactivan las cookies t\u00e9cnicas y\/o de funcionamiento, la calidad de la p\u00e1gina web puede disminuir o puede que cueste m\u00e1s identificarle.<br \/>\nLe indicamos los siguientes enlaces, donde podr\u00e1 encontrar m\u00e1s informaci\u00f3n sobre los diferentes navegadores:<br \/>\nChrome:\u00a0<a href=\"http:\/\/support.google.com\/chrome\/bin\/answer.py?hl=es&amp;answer=95647%20rel=\">http:\/\/support.google.com\/chrome\/bin\/answer.py?hl=es&amp;answer=95647\u00a0<\/a><br \/>\nExplorer:\u00a0<a href=\"http:\/\/windows.microsoft.com\/es-es\/windows7\/how-to-manage-cookies-in-internet-explorer-9\" rel=\"nofollow\">http:\/\/windows.microsoft.com\/es-es\/windows7\/how-to-manage-cookies-in-internet-explorer-9\u00a0<\/a><br \/>\nFirefox:\u00a0<a href=\"http:\/\/support.mozilla.org\/es\/kb\/habilitar-y-deshabilitar-cookies-que-los-sitios-we\" rel=\"nofollow\">http:\/\/support.mozilla.org\/es\/kb\/habilitar-y-deshabilitar-cookies-que-los-sitios-we\u00a0<\/a><br \/>\nSafari:\u00a0<a href=\"http:\/\/support.apple.com\/kb\/ph5042\" rel=\"nofollow\">http:\/\/support.apple.com\/kb\/ph5042<\/a>[\/vc_column_text][\/vc_column][\/vc_row]\n","protected":false},"excerpt":{"rendered":"<p>[vc_row][vc_column][vc_column_text font_family=\u00bbPoppins\u00bb] COOKIES Utilizamos cookies para facilitar el uso de nuestra p\u00e1gina web. Las cookies son peque\u00f1os ficheros de informaci\u00f3n que nos permiten comparar y entender c\u00f3mo nuestros usuarios navegan a trav\u00e9s de nuestra p\u00e1gina web, y de esta manera poder mejorar consecuentemente el proceso de navegaci\u00f3n. Las cookies que utilizamos no almacenan dato personal&hellip;<\/p>\n","protected":false},"author":1,"featured_media":0,"parent":0,"menu_order":0,"comment_status":"closed","ping_status":"closed","template":"","meta":{"_acf_changed":false,"inline_featured_image":false,"footnotes":""},"class_list":["post-1019","page","type-page","status-publish","hentry","entry","no-media"],"acf":[],"yoast_head":"<!-- This site is optimized with the Yoast SEO plugin v27.5 - https:\/\/yoast.com\/product\/yoast-seo-wordpress\/ -->\n<title>Pol\u00edtica de cookies | Fundaci\u00f3n Formavigo<\/title>\n<meta name=\"robots\" content=\"noindex, nofollow\" \/>\n<meta property=\"og:locale\" content=\"es_ES\" \/>\n<meta property=\"og:type\" content=\"article\" \/>\n<meta property=\"og:title\" content=\"Pol\u00edtica de cookies | Fundaci\u00f3n Formavigo\" \/>\n<meta property=\"og:description\" content=\"[vc_row][vc_column][vc_column_text font_family=\u00bbPoppins\u00bb] COOKIES Utilizamos cookies para facilitar el uso de nuestra p\u00e1gina web. Las cookies son peque\u00f1os ficheros de informaci\u00f3n que nos permiten comparar y entender c\u00f3mo nuestros usuarios navegan a trav\u00e9s de nuestra p\u00e1gina web, y de esta manera poder mejorar consecuentemente el proceso de navegaci\u00f3n. Las cookies que utilizamos no almacenan dato personal&hellip;\" \/>\n<meta property=\"og:url\" content=\"https:\/\/fundacionformavigo.com\/es\/politica-de-cookies\/\" \/>\n<meta property=\"og:site_name\" content=\"Fundaci\u00f3n Formavigo\" \/>\n<meta property=\"article:modified_time\" content=\"2022-08-31T10:46:39+00:00\" \/>\n<meta name=\"twitter:card\" content=\"summary_large_image\" \/>\n<meta name=\"twitter:label1\" content=\"Tiempo de lectura\" \/>\n\t<meta name=\"twitter:data1\" content=\"4 minutos\" \/>\n<script type=\"application\/ld+json\" class=\"yoast-schema-graph\">{\"@context\":\"https:\\\/\\\/schema.org\",\"@graph\":[{\"@type\":\"WebPage\",\"@id\":\"https:\\\/\\\/fundacionformavigo.com\\\/es\\\/politica-de-cookies\\\/\",\"url\":\"https:\\\/\\\/fundacionformavigo.com\\\/es\\\/politica-de-cookies\\\/\",\"name\":\"Pol\u00edtica de cookies | Fundaci\u00f3n Formavigo\",\"isPartOf\":{\"@id\":\"https:\\\/\\\/fundacionformavigo.com\\\/es\\\/#website\"},\"datePublished\":\"2022-08-10T06:16:04+00:00\",\"dateModified\":\"2022-08-31T10:46:39+00:00\",\"breadcrumb\":{\"@id\":\"https:\\\/\\\/fundacionformavigo.com\\\/es\\\/politica-de-cookies\\\/#breadcrumb\"},\"inLanguage\":\"es\",\"potentialAction\":[{\"@type\":\"ReadAction\",\"target\":[\"https:\\\/\\\/fundacionformavigo.com\\\/es\\\/politica-de-cookies\\\/\"]}]},{\"@type\":\"BreadcrumbList\",\"@id\":\"https:\\\/\\\/fundacionformavigo.com\\\/es\\\/politica-de-cookies\\\/#breadcrumb\",\"itemListElement\":[{\"@type\":\"ListItem\",\"position\":1,\"name\":\"Portada\",\"item\":\"https:\\\/\\\/fundacionformavigo.com\\\/es\\\/\"},{\"@type\":\"ListItem\",\"position\":2,\"name\":\"Pol\u00edtica de cookies\"}]},{\"@type\":\"WebSite\",\"@id\":\"https:\\\/\\\/fundacionformavigo.com\\\/es\\\/#website\",\"url\":\"https:\\\/\\\/fundacionformavigo.com\\\/es\\\/\",\"name\":\"Fundaci\u00f3n Formavigo\",\"description\":\"\",\"publisher\":{\"@id\":\"https:\\\/\\\/fundacionformavigo.com\\\/es\\\/#organization\"},\"potentialAction\":[{\"@type\":\"SearchAction\",\"target\":{\"@type\":\"EntryPoint\",\"urlTemplate\":\"https:\\\/\\\/fundacionformavigo.com\\\/es\\\/?s={search_term_string}\"},\"query-input\":{\"@type\":\"PropertyValueSpecification\",\"valueRequired\":true,\"valueName\":\"search_term_string\"}}],\"inLanguage\":\"es\"},{\"@type\":\"Organization\",\"@id\":\"https:\\\/\\\/fundacionformavigo.com\\\/es\\\/#organization\",\"name\":\"Fundaci\u00f3n Formavigo\",\"url\":\"https:\\\/\\\/fundacionformavigo.com\\\/es\\\/\",\"logo\":{\"@type\":\"ImageObject\",\"inLanguage\":\"es\",\"@id\":\"https:\\\/\\\/fundacionformavigo.com\\\/es\\\/#\\\/schema\\\/logo\\\/image\\\/\",\"url\":\"https:\\\/\\\/fundacionformavigo.com\\\/wp-content\\\/uploads\\\/2022\\\/07\\\/logo-fundacion-formavigo-azul.svg\",\"contentUrl\":\"https:\\\/\\\/fundacionformavigo.com\\\/wp-content\\\/uploads\\\/2022\\\/07\\\/logo-fundacion-formavigo-azul.svg\",\"width\":358,\"height\":41,\"caption\":\"Fundaci\u00f3n Formavigo\"},\"image\":{\"@id\":\"https:\\\/\\\/fundacionformavigo.com\\\/es\\\/#\\\/schema\\\/logo\\\/image\\\/\"}}]}<\/script>\n<!-- \/ Yoast SEO plugin. -->","yoast_head_json":{"title":"Pol\u00edtica de cookies | Fundaci\u00f3n Formavigo","robots":{"index":"noindex","follow":"nofollow"},"og_locale":"es_ES","og_type":"article","og_title":"Pol\u00edtica de cookies | Fundaci\u00f3n Formavigo","og_description":"[vc_row][vc_column][vc_column_text font_family=\u00bbPoppins\u00bb] COOKIES Utilizamos cookies para facilitar el uso de nuestra p\u00e1gina web. Las cookies son peque\u00f1os ficheros de informaci\u00f3n que nos permiten comparar y entender c\u00f3mo nuestros usuarios navegan a trav\u00e9s de nuestra p\u00e1gina web, y de esta manera poder mejorar consecuentemente el proceso de navegaci\u00f3n. Las cookies que utilizamos no almacenan dato personal&hellip;","og_url":"https:\/\/fundacionformavigo.com\/es\/politica-de-cookies\/","og_site_name":"Fundaci\u00f3n Formavigo","article_modified_time":"2022-08-31T10:46:39+00:00","twitter_card":"summary_large_image","twitter_misc":{"Tiempo de lectura":"4 minutos"},"schema":{"@context":"https:\/\/schema.org","@graph":[{"@type":"WebPage","@id":"https:\/\/fundacionformavigo.com\/es\/politica-de-cookies\/","url":"https:\/\/fundacionformavigo.com\/es\/politica-de-cookies\/","name":"Pol\u00edtica de cookies | Fundaci\u00f3n Formavigo","isPartOf":{"@id":"https:\/\/fundacionformavigo.com\/es\/#website"},"datePublished":"2022-08-10T06:16:04+00:00","dateModified":"2022-08-31T10:46:39+00:00","breadcrumb":{"@id":"https:\/\/fundacionformavigo.com\/es\/politica-de-cookies\/#breadcrumb"},"inLanguage":"es","potentialAction":[{"@type":"ReadAction","target":["https:\/\/fundacionformavigo.com\/es\/politica-de-cookies\/"]}]},{"@type":"BreadcrumbList","@id":"https:\/\/fundacionformavigo.com\/es\/politica-de-cookies\/#breadcrumb","itemListElement":[{"@type":"ListItem","position":1,"name":"Portada","item":"https:\/\/fundacionformavigo.com\/es\/"},{"@type":"ListItem","position":2,"name":"Pol\u00edtica de cookies"}]},{"@type":"WebSite","@id":"https:\/\/fundacionformavigo.com\/es\/#website","url":"https:\/\/fundacionformavigo.com\/es\/","name":"Fundaci\u00f3n Formavigo","description":"","publisher":{"@id":"https:\/\/fundacionformavigo.com\/es\/#organization"},"potentialAction":[{"@type":"SearchAction","target":{"@type":"EntryPoint","urlTemplate":"https:\/\/fundacionformavigo.com\/es\/?s={search_term_string}"},"query-input":{"@type":"PropertyValueSpecification","valueRequired":true,"valueName":"search_term_string"}}],"inLanguage":"es"},{"@type":"Organization","@id":"https:\/\/fundacionformavigo.com\/es\/#organization","name":"Fundaci\u00f3n Formavigo","url":"https:\/\/fundacionformavigo.com\/es\/","logo":{"@type":"ImageObject","inLanguage":"es","@id":"https:\/\/fundacionformavigo.com\/es\/#\/schema\/logo\/image\/","url":"https:\/\/fundacionformavigo.com\/wp-content\/uploads\/2022\/07\/logo-fundacion-formavigo-azul.svg","contentUrl":"https:\/\/fundacionformavigo.com\/wp-content\/uploads\/2022\/07\/logo-fundacion-formavigo-azul.svg","width":358,"height":41,"caption":"Fundaci\u00f3n Formavigo"},"image":{"@id":"https:\/\/fundacionformavigo.com\/es\/#\/schema\/logo\/image\/"}}]}},"_links":{"self":[{"href":"https:\/\/fundacionformavigo.com\/es\/wp-json\/wp\/v2\/pages\/1019","targetHints":{"allow":["GET"]}}],"collection":[{"href":"https:\/\/fundacionformavigo.com\/es\/wp-json\/wp\/v2\/pages"}],"about":[{"href":"https:\/\/fundacionformavigo.com\/es\/wp-json\/wp\/v2\/types\/page"}],"author":[{"embeddable":true,"href":"https:\/\/fundacionformavigo.com\/es\/wp-json\/wp\/v2\/users\/1"}],"replies":[{"embeddable":true,"href":"https:\/\/fundacionformavigo.com\/es\/wp-json\/wp\/v2\/comments?post=1019"}],"version-history":[{"count":3,"href":"https:\/\/fundacionformavigo.com\/es\/wp-json\/wp\/v2\/pages\/1019\/revisions"}],"predecessor-version":[{"id":1055,"href":"https:\/\/fundacionformavigo.com\/es\/wp-json\/wp\/v2\/pages\/1019\/revisions\/1055"}],"wp:attachment":[{"href":"https:\/\/fundacionformavigo.com\/es\/wp-json\/wp\/v2\/media?parent=1019"}],"curies":[{"name":"wp","href":"https:\/\/api.w.org\/{rel}","templated":true}]}}